{"id":5,"date":"2024-10-22T08:17:32","date_gmt":"2024-10-22T06:17:32","guid":{"rendered":"https:\/\/scholar.semmelweis.hu\/balintegyed\/bemutatkozas\/"},"modified":"2025-03-17T12:35:46","modified_gmt":"2025-03-17T11:35:46","slug":"bemutatkozas","status":"publish","type":"page","link":"https:\/\/scholar.semmelweis.hu\/balintegyed\/","title":{"rendered":"Bemutatkoz\u00e1s"},"content":{"rendered":"<p>Dr. Egyed B\u00e1lint elk\u00f6telezett a gyermekkori v\u00e9rk\u00e9pz\u0151szervi megbeteged\u00e9sek gy\u00f3gy\u00edt\u00e1sa \u00e9s kutat\u00e1sa mellett. Els\u0151dleges \u00e9rdekl\u0151d\u00e9si ter\u00fclete a gyermekkori akut leuk\u00e9mi\u00e1k klinikai ell\u00e1t\u00e1sa, a leuk\u00e9mi\u00e1k molekul\u00e1ris onkogenetikai profiloz\u00e1sa (egyik megszervez\u0151je volt a Magyar Gyermekleuk\u00e9mia Molekul\u00e1ris Profiloz\u00e1si Programnak) \u00e9s az innovat\u00edv, c\u00e9lzott onkoter\u00e1pi\u00e1s k\u00e9sz\u00edtm\u00e9nyek alkalmaz\u00e1sa. Emellett az \u00f6r\u00f6kletes, nem malignus hematol\u00f3giai k\u00f3rk\u00e9pek orsz\u00e1gosan szervezett molekul\u00e1ris diagnosztik\u00e1j\u00e1nak hazai fejleszt\u00e9s\u00e9n is dolgozik. A Magyar Gyermekonkol\u00f3giai H\u00e1l\u00f3zat lelkes tagja.<\/p>\n","protected":false},"excerpt":{"rendered":"<p>Dr. Egyed B\u00e1lint elk\u00f6telezett a gyermekkori v\u00e9rk\u00e9pz\u0151szervi megbeteged\u00e9sek gy\u00f3gy\u00edt\u00e1sa \u00e9s kutat\u00e1sa mellett. Els\u0151dleges \u00e9rdekl\u0151d\u00e9si ter\u00fclete a gyermekkori akut leuk\u00e9mi\u00e1k klinikai ell\u00e1t\u00e1sa, a leuk\u00e9mi\u00e1k molekul\u00e1ris onkogenetikai profiloz\u00e1sa (egyik megszervez\u0151je volt a Magyar Gyermekleuk\u00e9mia Molekul\u00e1ris Profiloz\u00e1si Programnak) &hellip;<\/p>\n","protected":false},"author":163,"featured_media":0,"parent":0,"menu_order":0,"comment_status":"closed","ping_status":"closed","template":"","meta":{"footnotes":""},"class_list":["post-5","page","type-page","status-publish","hentry"],"_links":{"self":[{"href":"https:\/\/scholar.semmelweis.hu\/balintegyed\/wp-json\/wp\/v2\/pages\/5"}],"collection":[{"href":"https:\/\/scholar.semmelweis.hu\/balintegyed\/wp-json\/wp\/v2\/pages"}],"about":[{"href":"https:\/\/scholar.semmelweis.hu\/balintegyed\/wp-json\/wp\/v2\/types\/page"}],"author":[{"embeddable":true,"href":"https:\/\/scholar.semmelweis.hu\/balintegyed\/wp-json\/wp\/v2\/users\/163"}],"replies":[{"embeddable":true,"href":"https:\/\/scholar.semmelweis.hu\/balintegyed\/wp-json\/wp\/v2\/comments?post=5"}],"version-history":[{"count":3,"href":"https:\/\/scholar.semmelweis.hu\/balintegyed\/wp-json\/wp\/v2\/pages\/5\/revisions"}],"predecessor-version":[{"id":15,"href":"https:\/\/scholar.semmelweis.hu\/balintegyed\/wp-json\/wp\/v2\/pages\/5\/revisions\/15"}],"wp:attachment":[{"href":"https:\/\/scholar.semmelweis.hu\/balintegyed\/wp-json\/wp\/v2\/media?parent=5"}],"curies":[{"name":"wp","href":"https:\/\/api.w.org\/{rel}","templated":true}]}}