{"id":4,"date":"2024-10-22T08:17:32","date_gmt":"2024-10-22T06:17:32","guid":{"rendered":"https:\/\/scholar.semmelweis.hu\/balintegyed\/cv\/"},"modified":"2025-03-17T12:43:55","modified_gmt":"2025-03-17T11:43:55","slug":"cv","status":"publish","type":"page","link":"https:\/\/scholar.semmelweis.hu\/balintegyed\/cv\/","title":{"rendered":"CV"},"content":{"rendered":"<p><span style=\"text-decoration: underline\"><strong>1. K\u00e9pz\u00e9sek<\/strong><\/span><br \/><strong>Gyermekhemato-onkol\u00f3gus szakorvosjel\u00f6lt (2024\u2212), egyetemi tan\u00e1rseg\u00e9d (2023\u2212):<\/strong><br \/>Munkahely: Semmelweis Egyetem Gyermekgy\u00f3gy\u00e1szati Klinika<br \/>Csecsem\u0151- \u00e9s gyermekgy\u00f3gy\u00e1sz szakorvos 2024 \u00f3ta (szakk\u00e9pz\u00e9s: 2022\u22122024)<br \/>Clinical Science Scholarship Program \u00f6szt\u00f6nd\u00edjasa (2024\u22122025), Harvard Medical School (Boston, MA, USA)<\/p>\n<p><strong>Doktori k\u00e9pz\u00e9s (2018 \u2212 2022):<\/strong><br \/>Kieg\u00e9sz\u00edt\u0151 Kutat\u00e1si Kiv\u00e1l\u00f3s\u00e1gi \u00d6szt\u00f6nd\u00edjjal MD-PhD hallgat\u00f3 (2018 \u2013 2020)<br \/>R\u00e1cz K\u00e1roly Klinikai Orvostudom\u00e1nyok Doktori Iskola, Semmelweis Egyetem<br \/>PhD fokozatszerz\u00e9s ideje: 2023. janu\u00e1r<br \/>Disszert\u00e1ci\u00f3 c\u00edme: <em>Genetic markers as tools for individualized disease monitoring in pediatric acute lymphoblastic leukemia<\/em><\/p>\n<p>&nbsp;<\/p>\n<p><span style=\"text-decoration: underline\"><strong>2. Gy\u00f3gy\u00edt\u00f3-kutat\u00e1si tev\u00e9kenys\u00e9g<\/strong><\/span><br \/><strong>Semmelweis Egyetem Gyermekgy\u00f3gy\u00e1szati Klinika (2016 \u2012)<\/strong><br \/>Hematol\u00f3giai Munkacsoport, betegell\u00e1t\u00e1si \u00e9s kutat\u00e1si tapasztalat a gyermekhematol\u00f3giai betegs\u00e9gek sz\u00e9les spektrum\u00e1n (pl. ALL, AML, CML, limf\u00f3m\u00e1k, ITP, AIHA, herediter cytopeni\u00e1k)<\/p>\n<p><strong>MTA-SE Lend\u00fclet Molekul\u00e1ris Onkohematol\u00f3gia Kutat\u00f3csoport (2018 \u2012)<\/strong><br \/>Semmelweis Egyetem Patol\u00f3giai \u00e9s K\u00eds\u00e9rleti R\u00e1kkutat\u00f3 Int\u00e9zet<br \/>Szerepk\u00f6r: a gyermekleuk\u00e9mia-kutat\u00e1sok klinikai koordin\u00e1tora<br \/>Kutat\u00e1si ter\u00fclet: gyermekleuk\u00e9mi\u00e1k m\u00e9ly molekul\u00e1ris karakteriz\u00e1l\u00e1sa, innovat\u00edv m\u00f3dszerek a gyermekonkol\u00f3giai genetikai diagnosztik\u00e1ban, c\u00e9lzott kismolekul\u00e1j\u00fa inhibitorok molekul\u00e1ris indik\u00e1ci\u00f3ja \u00e9s klinikai felhaszn\u00e1l\u00e1sa, \u00f6r\u00f6kletes benignus hematol\u00f3giai betegs\u00e9gek etiol\u00f3gi\u00e1ja<\/p>\n<p>&nbsp;<\/p>\n<p><span style=\"text-decoration: underline\"><strong>3. Elnyert szakmai d\u00edjak<\/strong><\/span><br \/>\u2022 Pet\u00e9nyi G\u00e9za-d\u00edj (kiemelked\u0151 tudom\u00e1nyos publik\u00e1ci\u00f3s tev\u00e9kenys\u00e9g\u00e9rt), Magyar Gyermekorvosok T\u00e1rsas\u00e1ga, 2024<br \/>\u2022 K&amp;H J\u00f6v\u0151 Gy\u00f3gy\u00edt\u00f3ja D\u00edj, k\u00f6z\u00f6ns\u00e9gd\u00edj a gyermekgy\u00f3gy\u00edt\u00f3 rezidens kateg\u00f3ri\u00e1ban, 2024<br \/>\u2022 M\u00e1rer Vera-d\u00edj (kiemelked\u0151 kutat\u00e1si tev\u00e9kenys\u00e9g\u00e9rt a gyermekgy\u00f3gy\u00e1szat ter\u00fclet\u00e9n), Semmelweis Egyetem, 2023<br \/>\u2022 Kooperat\u00edv Doktori Program \u00d6szt\u00f6nd\u00edj, Nemzeti Kutat\u00e1si, Fejleszt\u00e9si \u00e9s Innov\u00e1ci\u00f3s Hivatal, 2020<br \/>\u2022 Dr. Haynal Imre Eml\u00e9k\u00e9rem, Semmelweis Egyetem, 2019 (kiemelked\u0151 rektori p\u00e1lyamunk\u00e1\u00e9rt <em>Genetikai vari\u00e1ci\u00f3k gyermekkori akut limfoblasztos leuk\u00e9mi\u00e1ban: antraciklin-farmakogenomika<\/em> c\u00edmmel)<br \/>\u2022 \u00c9v Medikusa D\u00edj 2019, Eg\u00e9szs\u00e9g\u00fcgyi Szakmai Koll\u00e9gium \u00e9s MTA Orvosi Oszt\u00e1lya, 2019<br \/>\u2022 Stephen W. Kuffler Kutat\u00e1si \u00d6szt\u00f6nd\u00edj, Stephen W. Kuffler Kutat\u00e1si Alap\u00edtv\u00e1ny, 2019<br \/>\u2022 Istvan Mechtler Award a legjobb tudom\u00e1nyos el\u0151ad\u00e1s\u00e9rt, Amerikai Magyar Orvossz\u00f6vets\u00e9g, 2017\u00a0<br \/>\u2022 Nemzeti Fels\u0151oktat\u00e1si \u00d6szt\u00f6nd\u00edj, Emberi Er\u0151forr\u00e1sok Miniszt\u00e9riuma, 2017\/2018-t\u00f3l h\u00e1rom tan\u00e9v-ben<br \/>\u2022 \u00daj Nemzeti Kiv\u00e1l\u00f3s\u00e1g Program, Emberi Er\u0151forr\u00e1sok Miniszt\u00e9riuma ill. Innov\u00e1ci\u00f3s \u00e9s Technol\u00f3giai Miniszt\u00e9rium, 2016\/2017-t\u0151l h\u00e1rom tan\u00e9vben, majd a 2020\/2021. tan\u00e9vben ism\u00e9telten<br \/>\u2022 MOL Tehets\u00e9gt\u00e1mogat\u00f3 Program (M\u0171v\u00e9szet\u2212Tudom\u00e1ny), MOL Alap\u00edtv\u00e1ny, 2012, 2013 \u00e9s 2017<br \/>\u2022 Irinyi J\u00e1nos Eml\u00e9kplakett, Magyar K\u00e9mikusok Egyes\u00fclete, 2011<\/p>\n<p>&nbsp;<\/p>\n<p><span style=\"text-decoration: underline\"><strong>4. Vezet\u0151 kutat\u00f3i r\u00e9szv\u00e9tel tudom\u00e1nyos p\u00e1ly\u00e1zatokban<\/strong><\/span><br \/>\u2022 NKFIH PD145889 (posztdoktori t\u00edpus\u00fa OTKA p\u00e1ly\u00e1zat), 2024: Szekven\u00e1l\u00e1s alap\u00fa rizik\u00f3stratifik\u00e1ci\u00f3 \u00e9s a ter\u00e1pia-refrakterit\u00e1s el\u0151rejelz\u00e9se gyermekkori hematol\u00f3giai k\u00f3rk\u00e9pekben<br \/>\u2022 STIA KFI-2022, Semmelweis Egyetem, 2023: A t\u00e9rbeli betegs\u00e9gheterogenit\u00e1s nagy felbont\u00e1s\u00fa egy-sejt-transzkriptomikai felt\u00e9rk\u00e9pez\u00e9se leuk\u00e9mi\u00e1s gyermekekben<br \/>\u2022 03\/MGYH-MGYGYT\/2021, Magyar Gyermekonkol\u00f3giai H\u00e1l\u00f3zat, 2021: A leuk\u00e9mia-eredet\u0171 sejt-mentes DNS mint a rezidu\u00e1lis betegs\u00e9g szenzit\u00edv indik\u00e1tora cerebrospin\u00e1lis folyad\u00e9kban<br \/>\u2022 01\/MGYH-MGYGYT\/2019, Magyar Gyermekonkol\u00f3giai H\u00e1l\u00f3zat, 2019: Genomikai karakteriz\u00e1l\u00e1s \u00e9s klon\u00e1lis evol\u00faci\u00f3s vizsg\u00e1latok \u00fajgener\u00e1ci\u00f3s szekven\u00e1l\u00e1ssal a hazai akut limfoblasztos leuk\u00e9mi\u00e1s gyermekpopul\u00e1ci\u00f3ban<\/p>\n<p>&nbsp;<\/p>\n<p><span style=\"text-decoration: underline\"><strong>5. Klinikai vizsg\u00e1latokban t\u00f6rt\u00e9n\u0151 r\u00e9szv\u00e9tel (GCP oklev\u00e9l: PSZN0009, 2021)<\/strong><\/span><br \/>\u2022 Principal Investigator (2023\u2012): International Leukemia Target Board (iLTB), Princess Maxima Center for Pediatric Oncology (Utrecht, Hollandia), NCT05270096 (recruiting)<\/p>\n<p>&nbsp;<\/p>\n<p><span style=\"text-decoration: underline\"><strong>6. Szerepek szakmai t\u00e1rsas\u00e1gokban<\/strong><\/span><br \/>\u2022 Magyar Gyermekonkol\u00f3giai H\u00e1l\u00f3zat, protokollfelel\u0151s \u00e9s a Fiatal Szekci\u00f3 vezet\u0151je, 2022\u2012<br \/>A Digit\u00e1lis Gyermekonkol\u00f3giai H\u00e1l\u00f3 komplex eg\u00e9szs\u00e9ginformatikai strukt\u00fara (digit\u00e1lis l\u00e1zlap, gyermektumor regiszter, elektronikus tumor board fel\u00fclet) tervez\u00e9se \u00e9s fejleszt\u00e9se, 2020\u2012<br \/>\u2022 European Society for Paediatric Oncology (SIOPE), tag \u00e9s a Magyar Gyermekonkol\u00f3giai H\u00e1l\u00f3zat hivatalos k\u00e9pvisel\u0151je a Young SIOPE munkacsoportban, 2021\u2012<br \/>\u2022 International Society of Paediatric Oncology (SIOP), Young Investigator, 2020\u2012<br \/>\u2022 European Hematology Association, Junior Member, 2020\u2012<\/p>\n","protected":false},"excerpt":{"rendered":"<p>1. K\u00e9pz\u00e9sekGyermekhemato-onkol\u00f3gus szakorvosjel\u00f6lt (2024\u2212), egyetemi tan\u00e1rseg\u00e9d (2023\u2212):Munkahely: Semmelweis Egyetem Gyermekgy\u00f3gy\u00e1szati KlinikaCsecsem\u0151- \u00e9s gyermekgy\u00f3gy\u00e1sz szakorvos 2024 \u00f3ta (szakk\u00e9pz\u00e9s: 2022\u22122024)Clinical Science Scholarship Program \u00f6szt\u00f6nd\u00edjasa (2024\u22122025), Harvard Medical School (Boston, MA, USA) Doktori k\u00e9pz\u00e9s (2018 \u2212 2022):Kieg\u00e9sz\u00edt\u0151 Kutat\u00e1si &hellip;<\/p>\n","protected":false},"author":163,"featured_media":0,"parent":0,"menu_order":0,"comment_status":"closed","ping_status":"closed","template":"","meta":{"footnotes":""},"class_list":["post-4","page","type-page","status-publish","hentry"],"_links":{"self":[{"href":"https:\/\/scholar.semmelweis.hu\/balintegyed\/wp-json\/wp\/v2\/pages\/4"}],"collection":[{"href":"https:\/\/scholar.semmelweis.hu\/balintegyed\/wp-json\/wp\/v2\/pages"}],"about":[{"href":"https:\/\/scholar.semmelweis.hu\/balintegyed\/wp-json\/wp\/v2\/types\/page"}],"author":[{"embeddable":true,"href":"https:\/\/scholar.semmelweis.hu\/balintegyed\/wp-json\/wp\/v2\/users\/163"}],"replies":[{"embeddable":true,"href":"https:\/\/scholar.semmelweis.hu\/balintegyed\/wp-json\/wp\/v2\/comments?post=4"}],"version-history":[{"count":3,"href":"https:\/\/scholar.semmelweis.hu\/balintegyed\/wp-json\/wp\/v2\/pages\/4\/revisions"}],"predecessor-version":[{"id":18,"href":"https:\/\/scholar.semmelweis.hu\/balintegyed\/wp-json\/wp\/v2\/pages\/4\/revisions\/18"}],"wp:attachment":[{"href":"https:\/\/scholar.semmelweis.hu\/balintegyed\/wp-json\/wp\/v2\/media?parent=4"}],"curies":[{"name":"wp","href":"https:\/\/api.w.org\/{rel}","templated":true}]}}