{"id":3,"date":"2024-10-22T08:17:32","date_gmt":"2024-10-22T06:17:32","guid":{"rendered":"https:\/\/scholar.semmelweis.hu\/balintegyed\/elerhetoseg\/"},"modified":"2025-03-17T12:44:52","modified_gmt":"2025-03-17T11:44:52","slug":"elerhetoseg","status":"publish","type":"page","link":"https:\/\/scholar.semmelweis.hu\/balintegyed\/elerhetoseg\/","title":{"rendered":"El\u00e9rhet\u0151s\u00e9g"},"content":{"rendered":"<p>egyed.balint@semmelweis.hu<\/p>\n","protected":false},"excerpt":{"rendered":"<p>egyed.balint@semmelweis.hu<\/p>\n","protected":false},"author":163,"featured_media":0,"parent":0,"menu_order":0,"comment_status":"closed","ping_status":"closed","template":"","meta":{"footnotes":""},"class_list":["post-3","page","type-page","status-publish","hentry"],"_links":{"self":[{"href":"https:\/\/scholar.semmelweis.hu\/balintegyed\/wp-json\/wp\/v2\/pages\/3"}],"collection":[{"href":"https:\/\/scholar.semmelweis.hu\/balintegyed\/wp-json\/wp\/v2\/pages"}],"about":[{"href":"https:\/\/scholar.semmelweis.hu\/balintegyed\/wp-json\/wp\/v2\/types\/page"}],"author":[{"embeddable":true,"href":"https:\/\/scholar.semmelweis.hu\/balintegyed\/wp-json\/wp\/v2\/users\/163"}],"replies":[{"embeddable":true,"href":"https:\/\/scholar.semmelweis.hu\/balintegyed\/wp-json\/wp\/v2\/comments?post=3"}],"version-history":[{"count":1,"href":"https:\/\/scholar.semmelweis.hu\/balintegyed\/wp-json\/wp\/v2\/pages\/3\/revisions"}],"predecessor-version":[{"id":19,"href":"https:\/\/scholar.semmelweis.hu\/balintegyed\/wp-json\/wp\/v2\/pages\/3\/revisions\/19"}],"wp:attachment":[{"href":"https:\/\/scholar.semmelweis.hu\/balintegyed\/wp-json\/wp\/v2\/media?parent=3"}],"curies":[{"name":"wp","href":"https:\/\/api.w.org\/{rel}","templated":true}]}}