{"id":36,"date":"2016-05-11T13:36:25","date_gmt":"2016-05-11T11:36:25","guid":{"rendered":"http:\/\/scholar.semmelweis.hu\/ambrusattila\/?page_id=36"},"modified":"2026-03-09T17:15:04","modified_gmt":"2026-03-09T16:15:04","slug":"publications","status":"publish","type":"page","link":"https:\/\/scholar.semmelweis.hu\/ambrusattila\/publications\/","title":{"rendered":"Publications"},"content":{"rendered":"<ol>\n<li style=\"text-align: justify\"><u>Ambrus A,<\/u> F\u00e9s\u00fcs L, Polyethylene glycol enhanced refolding of the recombinant human tissue transglutaminase. <em>Prep. Biochem. Biotechnol.<\/em> 31(1): 59-70 (2001)<\/li>\n<li style=\"text-align: justify\"><u>Ambrus A<\/u>, Banyai I, Weiss M, Hilgenfeld R, Keresztessy Z, Muszbek L, Fesus L, Calcium binding of transglutaminases: a <sup>43<\/sup>Ca NMR study combined with surface polarity analysis. <em> J. Biomol. Struct. Dyn.<\/em> 19(1): 59-74 (2001)<\/li>\n<li style=\"text-align: justify\"><u>Ambrus A<\/u>, Batta G, K\u00f6v\u00e9r K, Groves P, Palczewska M, Kuznicki J, An NMR study of calretinin, a calcium binding protein. The first two domains. <em>Biok\u00e9mia<\/em> (Hungarian) 25(2): 37-39 (2001)<\/li>\n<li style=\"text-align: justify\">Palczewska M, Groves P, <u>Ambrus A<\/u>, Kaleta A, Kover K, Batta G, Kuznicki J, Structural and biochemical characterization of neuronal calretinin domain I-II (residues 1-100). Comparison to homologous calbindin D28k domain I-II (residues 1-93). <em>Eur.<\/em><em> J. Biochem.<\/em> 268(23): 6229-37 (2001)<\/li>\n<li style=\"text-align: justify\">Roberts S, Wildner G, Grass G, Weichsel A, <u>Ambrus A<\/u>, Rensing C, Montfort W, A labile regulatory copper ion lies near the T1 copper site in the multicopper oxidase CueO. <em> J. Biol. Chem.<\/em> 278 (34): 31958-63 (2003)<\/li>\n<li style=\"text-align: justify\"><u>Ambrus A<\/u>, Chen D, Dai J, Jones R, Yang D, Solution structure of the biologically relevant G-quadruplex element in the human c-MYC promoter. Implications for G-quadruplex stabilization. <em>Biochemistry-US<\/em> 44 (6): 2048-2058 (2005) [featured on the cover of Biok\u00e9mia 31(1), 2007]<\/li>\n<li style=\"text-align: justify\"><u>Ambrus A<\/u>, Chen D, Whatcott C, Somogyi A, Yang D, Matrix-assisted laser desorption\/ ionization time-of-flight mass spectrometry protocol for monitoring the progress of enzymatic C-13\/N-15-labeled DNA syntheses. <em>Anal.<\/em>\u00a0<em> Biochem.<\/em> 342 (2): 246-53 (2005)<\/li>\n<li style=\"text-align: justify\">Tangirala R, Dixon R, Yang D, <u>Ambrus A<\/u>, Antony S, Agama K, Pommier Y, Curran D, Total and semisynthesis and <em>in vitro<\/em> studies of both enantiomers of 20-fluorocamptothecin. <em> Bioorg. Med. Chem. Lett.<\/em> 15(21): 4736-40 (2005)<\/li>\n<li style=\"text-align: justify\">Dai J, Dexheimer T, Chen D, Carver M, <u>Ambrus A<\/u>, Jones R, Yang D, An intramolecular G-quadruplex structure with mixed parallel\/antiparallel G-strands formed in the human Bcl-2 promoter region in solution. <em> J. Am. Chem. Soc.<\/em> 128 (4): 1096-98 (2006) [ISI Web of Knowledge Essential Science Indicators <u>Highly Cited Paper<\/u>]<\/li>\n<li style=\"text-align: justify\"><u>Ambrus A<\/u>, Friedrich K, Somogyi A, Oligomerization of nitrophorins. <em> Anal. Biochem<\/em>. 352 (2): 286-95 (2006)<\/li>\n<li style=\"text-align: justify\"><u>Ambrus A<\/u>, Chen D, Dai J, Bialis T, Jones R, Yang D, Human telomeric sequence forms a hybrid-type intramolecular G-quadruplex structure with mixed parallel\/antiparallel strands in potassium solution. <em>Nucleic Acids Res.<\/em> 34 (9): 2723-35 (2006) [ISI Web of Knowledge Essential Science Indicators <u>Highly Cited Paper<\/u>; featured in Chemical &amp; Engineering News (C&amp;EN, ACS), July 31, 2006]<\/li>\n<li style=\"text-align: justify\">Dai J, Punchihewa C, <u>Ambrus A<\/u>, Chen D, Jones R, Yang D, Structure of the intramolecular human telomeric G-quadruplex in potassium solution: A novel adenine triple formation. <em>Nucleic Acids Res.<\/em> 35(7): 2440-50 (2007) [featured on the cover of Chemical &amp; Engineering News (C&amp;EN, ACS), May 28, 2007]<\/li>\n<li style=\"text-align: justify\"><u>Ambrus A,<\/u> Yang D, Diffusion ordered NMR spectroscopy for analysis of DNA secondary structural elements. <em>Anal. Biochem.<\/em> 367(1):56-67 (2007)<\/li>\n<li style=\"text-align: justify\"><u>Ambrus A,<\/u> G-quadruplexes: structure and biological significance. <em>Biok\u00e9mia<\/em> (Hungarian) 31(1): 2-8 (2007)<\/li>\n<li style=\"text-align: justify\"><u>Ambrus A<\/u>, Torocsik B, Adam-Vizi V, Periplasmic cold expression and one-step purification of human dihydrolipoamide dehydrogenase. <em>Protein Expr. Purif.<\/em>, 63(1): 50-57 (2009)<\/li>\n<li style=\"text-align: justify\">Vajda S, Mandi M, Konrad C, Kiss G, <u>Ambrus A<\/u>, Adam-Vizi V, Chinopoulos C, A re-evaluation of the role of matrix acidification in uncoupler-induced Ca<sup>2+<\/sup>-release from mitochondria. <em>FEBS J<\/em>. 276(10): 2713-2724 (2009)<\/li>\n<li style=\"text-align: justify\"><u>Ambrus A<\/u>, Torocsik B, Adam-Vizi V, Refolding of the human dihydrolipoamide dehydrogenase. <em>Biochem. Eng. J.<\/em> 45(2): 120-125 (2009)<\/li>\n<li style=\"text-align: justify\"><u>Ambrus A<\/u><sup>#<\/sup>, Tretter L<sup>#<\/sup>, Adam-Vizi V, Inhibition of the alpha-ketoglutarate dehydrogenase-mediated reactive oxygen species generation by lipoic acid. <em> J. Neurochem.<\/em> 109(S1): 222-229 (2009) (<sup>#<\/sup>=contributed equally)<\/li>\n<li style=\"text-align: justify\">Dai J, <u>Ambrus A<\/u>, Hurley L, Yang D, A direct and nondestructive approach to determine the folding structure of the i-motif DNA secondary structure by NMR. <em> J. Am. Chem. Soc.<\/em> 131(17): 6102-6104 (2009)<\/li>\n<li style=\"text-align: justify\"><u>Ambrus A<\/u>, Torocsik B, Tretter L, Ozohanics O, Adam-Vizi V, Stimulation of reactive oxygen species generation by disease-causing mutations of lipoamide dehydrogenase, <em> Hum. Mol. Genet<\/em>. 20(15): 2984-2995 (2011)<\/li>\n<li style=\"text-align: justify\"><u>Ambrus A,<\/u> Adam-Vizi V, Molecular dynamics study of the structural basis of dysfunction and the modulation of reactive oxygen species generation by pathogenic mutants of human dihydrolipoamide dehydrogenase, <em>Arch.<\/em><em> Biochem. Biophys<\/em>. 538(2):145-155 (2013)<\/li>\n<li style=\"text-align: justify\">Tretter L, <u>Ambrus A<\/u>, Measurement of ROS homeostasis in isolated mitochondria, <em> Method. Enzymol.<\/em> 547: 199\u2013223 (2014)<\/li>\n<li style=\"text-align: justify\">Nemeria NS<sup>#<\/sup>, <u>Ambrus A<\/u><sup>#<\/sup>, Patel H<sup>#<\/sup>, Gerfen G, Adam-Vizi V, Tretter L, Zhou J, Wang J, Jordan F, Human 2-oxoglutarate dehydrogenase complex E1 component forms a thiamin-derived radical by aerobic oxidation of the enamine intermediate, <em> J. Biol. Chem.<\/em> 289: 29859-29873 (2014) (<sup>#<\/sup>=contributed equally)<\/li>\n<li style=\"text-align: justify\"><u>Ambrus A<\/u>, Mizsei R, Adam-Vizi V, Structural alterations by five disease-causing mutations in the low-pH conformation of human dihydrolipoamide dehydrogenase (hLADH) analyzed by molecular dynamics &#8211; implications in functional loss and modulation of reactive oxygen species generation by pathogenic hLADH forms, <em>Biochem. Biophys. Reports<\/em>, 2:50-56 (2015)<\/li>\n<li style=\"text-align: justify\"><u>Ambrus A<\/u>, Nemeria NS, Torocsik B, Tretter L, Nilsson M, Jordan F, Adam-Vizi V, Formation of reactive oxygen species by human and bacterial pyruvate and 2-oxoglutarate dehydrogenase multienzyme complexes reconstituted from recombinant components, <em>Free Radic. Biol. Med.<\/em> 89: 642-650 (2015)<\/li>\n<li style=\"text-align: justify\">Harami-Papp H, Pongor SL, Munk\u00e1csy G, Horvath G, Nagy MA, <u>Ambrus A<\/u>, Hauser P, Szabo A, Tretter L, Gyorffy B, TP53 mutation hits energy metabolism and increases glycolysis in breast cancer, <em>Oncotarget<\/em>, 7:67183-67195 (2016)<\/li>\n<li style=\"text-align: justify\"><u>Ambrus A<\/u><sup>#<\/sup>, Wang J<sup>#<\/sup>, Mizsei R<sup>#<\/sup>, Zambo Z, Torocsik B, Jordan F, Adam-Vizi V, Structural alterations induced by ten disease-causing mutations of human dihydrolipoamide dehydrogenase analyzed by hydrogen\/deuterium-exchange mass spectrometry: Implications for the structural basis of E3 deficiency, <em><span class=\"jrnl\" title=\"Biochimica et biophysica acta\">Biochim. Biophys. Acta (Molecular Basis of Disease) <\/span><\/em>1862: 2098-2109 (2016) (#=contributed equally) (invited paper to Ambrus A)<\/li>\n<li style=\"text-align: justify\">Szabo E, <span style=\"text-decoration: underline\">Ambrus A<\/span>, Molecular pathomechanism of the human dihydrolipoamide dehydrogenase deficiency, <em>Biok\u00e9mia<\/em> (Hungarian), 41(2): 44-63 (2017)\u00a0<\/li>\n<li style=\"text-align: justify\"><span style=\"text-decoration: underline\">Ambrus A<\/span>, Adam-Vizi V, Human dihydrolipoamide dehydrogenase (E3) deficiency:novel insights into the structural basis and molecular pathomechanism (review), <em>Neurochem. Int.<\/em>, 117: 5-14 (2018)<\/li>\n<li style=\"text-align: justify\">Kiss E, Mirzahosseini A, Hubert A, <span style=\"text-decoration: underline\">Ambrus A<\/span>, Orfi L, Horvath P, DNA binding of Sunitinib: spectroscopic evidence<em> via<\/em> circular dichroism and nuclear magnetic resonance, <em>J. Pharm. Biomed. Anal.<\/em> 150: 355-361 (2018)<\/li>\n<li style=\"text-align: justify\">Mikulas K, Hermann P, Gera I, Koml\u00f3di T, Horv\u00e1th G, <span style=\"text-decoration: underline\">Ambrus A<\/span>, Tretter L, Triethylene glycol dimethacrylate impairs bioenergetic functions and induces oxidative stress in mitochondria <em>via<\/em> inhibiting respiratory Complex I, <em>Dent. Mater.<\/em> 34(7):e166-e181 (2018)<\/li>\n<li style=\"text-align: justify\"><span class=\"Normal__Char\">Komlodi T, <\/span><span class=\"authors__name\">Geibl FF, <\/span><span class=\"authors__name\">Sassani M, <\/span><span class=\"Normal__Char\"><span style=\"text-decoration: underline\">Ambrus A<\/span>, Tretter L, <\/span>Membrane potential and delta pH dependency of reverse electron transport-associated hydrogen peroxide production in brain and heart mitochondria, <span class=\"Normal__Char\"><em>J. Bioenerg. Biomembr. <\/em>50: 355-365 (2018)<\/span><\/li>\n<li style=\"text-align: justify\">Szabo E, Mizsei R, Wilk P, Zambo Z, Torocsik B, Weiss MS, Adam-Vizi V, <span style=\"text-decoration: underline\">Ambrus A<\/span>, Crystal structures of the disease-causing D444V mutant and the relevant wild type human dihydrolipoamide dehydrogenase,\u00a0<span class=\"Normal__Char\"><em><span class=\"jrnl\" title=\"Free radical biology &amp; medicine\">Free Radic. Biol. Med<\/span>.<\/em> 124: 214-220 (2018)<\/span>\u00a0<\/li>\n<li style=\"text-align: justify\">Zhou J, Yang L, Ozohanics O, Zhang X, Wang J, <span style=\"text-decoration: underline\">Ambrus A<\/span>, Arjunan P, Brukh R, Nemeria NS, Furey W, Jordan F, Unique Protein-Protein Interactions in the Human 2-Oxoglutarate Dehydrogenase Multienzyme Complex as Revealed by Multifaceted Approaches, <em>J. Biol. Chem. <\/em>293: 19213-19227 (2018)<\/li>\n<li style=\"text-align: justify\"><u>Ambrus A<\/u>, An updated view on the molecular pathomechanisms of human dihydrolipoamide dehydrogenase deficiency in light of novel crystallographic evidence, <em>Neurochem. Res.<\/em> 44: 2307-2313 (2019)<\/li>\n<li style=\"text-align: justify\">Szabo E, Wilk P, Nagy B, Zambo Z, Bui D, Weichsel A, Arjunan P, Torocsik B, Hubert A, Furey W, Montfort WR, Jordan F, Weiss MS, Adam-Vizi V, <u>Ambrus A<\/u>, Underlying molecular alterations in human dihydrolipoamide dehydrogenase deficiency revealed by structural analyses of disease-causing enzyme variants, <em>Hum. Mol. Genet. <\/em>28: 3339-3354 (2019)<\/li>\n<li style=\"text-align: justify\">Svab G, Doczy J, Gerencser A, <span style=\"text-decoration: underline\">Ambrus A<\/span>, Gallyas F, Sumegi B, \u00a0Tretter L, The mitochondrial targets of neuroprotective drug vinpocetine on primary neuron cultures, brain capillary endothelial cells, synaptosomes, and brain mitochondria, <em>Neurochem. Res.<\/em> 44: 2435-2447 (2019)<\/li>\n<li style=\"text-align: justify\">Dobolyi A, Bago A, Palkovits M, Nemeria NS, Jordan F, Doczi J, <u>Ambrus A,<\/u> Adam-Vizi V, Chinopoulos C, Exclusive neuronal detection of KGDHC-specific subunits in the adult human brain cortex despite pancellular protein lysine succinylation, <em>Brain Struct. Funct. <\/em>225: 639-667 (2020)<\/li>\n<li style=\"text-align: justify\">Zhang X, Nemeria NS, Leandro J, Houten S, Lazarus MB, Gerfen GJ, Ozohanics O, <span style=\"text-decoration: underline\">Ambrus A<\/span>, Nagy B, Brukh R, Jordan F, Structure-function analyses of the G729R 2-oxoadipate dehydrogenase genetic variant associated with L-lysine metabolism disorder, <em>J. Biol. Chem.<\/em>, 295(23): 8078-8095 (2020)<\/li>\n<li style=\"text-align: justify\">Mikulas K, Komlodi T, F\u00f6ldes A, Svab G, Horvath G, Nagy AM, <u>Ambrus A<\/u>, Gyulai-Gaal S, Gera I, Hermann P, Varga G, Tretter L, Bioenergetic impairment of triethylene glycol dimethacrylate- (TEGDMA-) treated dental pulp stem cells (DPSCs) and isolated brain mitochondria are amended by redox compound methylene blue, <em>Materials (Basel)<\/em> 13(16): 3472 (2020)<\/li>\n<li style=\"text-align: justify\">Ozohanics O, <u>Ambrus A<\/u>, Hydrogen-Deuterium Exchange Mass Spectrometry: A novel structural biology approach to structure, dynamics and interactions of proteins and their complexes, <em>Life (Basel)<\/em> 10(11): E286 (2020)<\/li>\n<li style=\"text-align: justify\">Nagy B, Polak M, Ozohanics O, Zambo Z, Szabo E, Hubert A, Jordan F, Nova\u010dek J, Adam-Vizi V, <u>Ambrus A<\/u>, Structure of the dihydrolipoamide succinyltransferase (E2) component of the human alpha-ketoglutarate dehydrogenase complex (hKGDHc) revealed by cryo-EM and cross-linking mass spectrometry: Implications for the overall hKGDHc structure, <em>BBA \u2013 Gen. Subj. <\/em>1865(6):129889 (2021)<\/li>\n<li style=\"text-align: justify\">Svab G, Kokas M, Sipos I, <u>Ambrus A<\/u>, Tretter L, Methylene blue bridges the inhibition and produces unusual respiratory changes in complex III inhibited mitochondria. Studies on rats, mice and guinea pigs. <em>Antioxidants <\/em>10(2):305 (2021)\u00a0<\/li>\n<li style=\"text-align: justify\">Szabo E, <u>Ambrus A,<\/u> Editorial for the Special Issue \u201cCurrent Approaches in Molecular Enzymology\u201d (Guest Editor: Attila Ambrus), <em>Life (Basel) <\/em>12(3):336 (2022)<\/li>\n<li style=\"text-align: justify\">Nemeria NS, Nagy B, Sanchez R, Zhang X, Leandro J, <u>Ambrus A<\/u>, Houten S, Jordan F, Insight into the transformation of 2-oxopimelate by the human 2-oxoadipate dehydrogenase complex in the L-lysine degradation pathway and its chemoenzymatic applications. <em>Int. J. Mol. Sci. <\/em>23(15):8213 (2022)<\/li>\n<li style=\"text-align: justify\">Horv\u00e1th G, Svab G, Koml\u00f3di T, Ravasz D, Kacs\u00f3 G, Doczi J, Chinopoulos C, <u>Ambrus A<\/u>, Tretter L, Reduced mitochondrial ROS production in \u03b1-ketoglutarate dehydrogenase (\u03b1-KGDH) subunit (E2 and\/or E3) heterozygote knock out animals. Reverse electron flow-induced H<sub>2<\/sub>O<sub>2<\/sub> formation is also modified in the heterozygote KO animals. <em>Antioxidants <\/em>11(8):1487 (2022)<\/li>\n<li style=\"text-align: justify\">Szabo E, <u>Ambrus A<\/u>, Lipoamide dehydrogenase (LADH) deficiency: medical perspectives of the structural and functional characterization of LADH and its pathogenic variants,<em> Biol. Futur. <\/em>74:109\u2013118 (2023)<\/li>\n<li style=\"text-align: justify\">Piroli GG, Manuel AM, McCain RS, Smith HH, Ozohanics O, Mellid S, Cox JH, Cotham WE, Walla MD, Casc\u00f3n A, <u>Ambrus A<\/u>, Frizzell N, Defective function of \u03b1-ketoglutarate dehydrogenase exacerbates mitochondrial ATP deficits during complex I deficiency, <em>Redox Biol.<\/em> 67: 102932 (2023)<\/li>\n<li style=\"text-align: justify\">Ozohanics O, Zhang X, Nemeria NS, <u>Ambrus A<sup>#<\/sup><\/u>, Jordan F<sup>#<\/sup>, Probing the E1o\/E1a-E2o Interactions in Binary Sub-complexes of the Human 2-Oxoglutarate\/2-Oxoadipate Dehydrogenase Complexes by Chemical Cross-Linking Mass Spectrometry and Molecular Dynamics Simulations Analyses, <em>Int. J. Mol. Sci.<\/em> 24, 4555 (2023)\u00a0(<sup>#<\/sup>=shared co-last authors)<\/li>\n<li style=\"text-align: justify\">Wittinger S, Szabo E, <u>Ambrus A<\/u>, Function, structure and regulation of mitochondrial \u03b1-keto acid dehydrogenase enzyme complexes, <em>Biok\u00e9mia<\/em> (Hungarian), 47(1): 19-31 (2023)<\/li>\n<li style=\"text-align: justify\">Szabo E, Nemes-Nikodem E, Vass KR, Zambo Z, Zrupko E, Torocsik B, Weiss MS, Adam-Vizi V, <u>Ambrus A<\/u>, Structural and biochemical investigation of selected pathogenic mutants of the human dihydrolipoamide dehydrogenase, <em>Int. J. Mol. Sci., <\/em>24(13):10826 (2023)<\/li>\n<li style=\"text-align: justify\">Szabo E, Nagy B, Czajlik A, Komlodi T, Ozohanics O, Tretter L, <u>Ambrus A<\/u>, Mitochondrial alpha-keto acid dehydrogenase complexes: recent developments on structure and function in health and disease, <em>Subcell. Biochem.<\/em> (Macromolecular Protein Complexes V, Springer Nature e-book), 104: 295-381 (2024)<\/li>\n<li style=\"text-align: justify\">Kokas M, Budai A, K\u00e1d\u00e1r A, Mozaffaritabar S, Zhou L, T\u00e9gl\u00e1s T, Orova RS, G\u00e1sp\u00e1r D, N\u00e9meth K, Toth DM, Sayour NV, Kov\u00e1csh\u00e1zi C, Xue A, Szatm\u00e1ri RZ, T\u00f6r\u0151csik B, M\u00e1th\u00e9 D, Kov\u00e1cs N, Szigeti K, Nagy P, Szatm\u00e1ri I, Fekete C, Ar\u00e1nyi T, Varga ZV, Ferdinandy P, Rad\u00e1k Z, Kozlov AV, Tretter L, Koml\u00f3di T<sup>#<\/sup>, <u>Ambrus A<sup>#<\/sup><\/u>, Microgliosis, neuronal death, minor behavioral abnormalities and reduced endurance performance in alpha-ketoglutarate dehydrogenase complex deficient mice, <em>Redox Biol<\/em>., 85: 103743, 2025\u00a0(<sup>#<\/sup>=shared co-last authors)<\/li>\n<li style=\"text-align: justify\">Kokas M, <u>Ambrus A<\/u>, Tretter L, Koml\u00f3di T, Interplay between neuronal metabolism and signaling upon alpha-ketoglutarate dehydrogenase complex impairment, <em>Biochemistry (Moscow)<\/em>, 2026, under review<\/li>\n<\/ol>\n<p>&nbsp;<\/p>\n<p style=\"text-align: justify\">Google Scholar: <a href=\"http:\/\/scholar.google.com\/citations?user=hKVjrQcAAAAJ&amp;hl=en\">http:\/\/scholar.google.com\/citations?user=hKVjrQcAAAAJ&amp;hl=en<\/a><\/p>\n<p style=\"text-align: justify\">MTMT2: <a href=\"https:\/\/m2.mtmt.hu\/gui2\/?type=authors&amp;mode=browse&amp;sel=10000177\">https:\/\/m2.mtmt.hu\/gui2\/?type=authors&amp;mode=browse&amp;sel=10000177<\/a><\/p>\n<p style=\"text-align: justify\">ORCID: <a href=\"http:\/\/orcid.org\/0000-0001-6014-3175\">http:\/\/orcid.org\/0000-0001-6014-3175<\/a><\/p>\n<p style=\"text-align: justify\">Scopus:<a href=\"https:\/\/www.scopus.com\/authid\/detail.uri?authorId=7003689523&amp;featureToggles=FEATURE_AUTHOR_DETAILS_BOTOX:1&amp;at_feature_toggle=1\">https:\/\/www.scopus.com\/authid\/detail.uri?authorId=7003689523&amp;featureToggles=FEATURE_AUTHOR_DETAILS_BOTOX:1&amp;at_feature_toggle=1<\/a><\/p>\n<p style=\"text-align: justify\">Web of Science: <a href=\"https:\/\/www.webofscience.com\/wos\/author\/record\/72812\">https:\/\/www.webofscience.com\/wos\/author\/record\/72812<\/a><\/p>\n<p style=\"text-align: justify\">\u00a0<\/p>\n","protected":false},"excerpt":{"rendered":"<p>Ambrus A, F\u00e9s\u00fcs L, Polyethylene glycol enhanced refolding of the recombinant human tissue transglutaminase. Prep. Biochem. Biotechnol. 31(1): 59-70 (2001) Ambrus A, Banyai I, Weiss M, Hilgenfeld R, Keresztessy Z, Muszbek L, Fesus L, Calcium &hellip;<\/p>\n","protected":false},"author":78,"featured_media":0,"parent":0,"menu_order":0,"comment_status":"closed","ping_status":"closed","template":"","meta":{"footnotes":""},"class_list":["post-36","page","type-page","status-publish","hentry"],"_links":{"self":[{"href":"https:\/\/scholar.semmelweis.hu\/ambrusattila\/wp-json\/wp\/v2\/pages\/36"}],"collection":[{"href":"https:\/\/scholar.semmelweis.hu\/ambrusattila\/wp-json\/wp\/v2\/pages"}],"about":[{"href":"https:\/\/scholar.semmelweis.hu\/ambrusattila\/wp-json\/wp\/v2\/types\/page"}],"author":[{"embeddable":true,"href":"https:\/\/scholar.semmelweis.hu\/ambrusattila\/wp-json\/wp\/v2\/users\/78"}],"replies":[{"embeddable":true,"href":"https:\/\/scholar.semmelweis.hu\/ambrusattila\/wp-json\/wp\/v2\/comments?post=36"}],"version-history":[{"count":60,"href":"https:\/\/scholar.semmelweis.hu\/ambrusattila\/wp-json\/wp\/v2\/pages\/36\/revisions"}],"predecessor-version":[{"id":332,"href":"https:\/\/scholar.semmelweis.hu\/ambrusattila\/wp-json\/wp\/v2\/pages\/36\/revisions\/332"}],"wp:attachment":[{"href":"https:\/\/scholar.semmelweis.hu\/ambrusattila\/wp-json\/wp\/v2\/media?parent=36"}],"curies":[{"name":"wp","href":"https:\/\/api.w.org\/{rel}","templated":true}]}}