{"id":31,"date":"2016-05-11T12:45:39","date_gmt":"2016-05-11T10:45:39","guid":{"rendered":"http:\/\/scholar.semmelweis.hu\/ambrusattila\/?page_id=31"},"modified":"2026-03-13T13:03:06","modified_gmt":"2026-03-13T12:03:06","slug":"lab-members","status":"publish","type":"page","link":"https:\/\/scholar.semmelweis.hu\/ambrusattila\/lab-members\/","title":{"rendered":"Lab Members"},"content":{"rendered":"<p>Attila Ambrus, Ph.D., D.Sc. (Professor)<\/p>\n<p>Eszter Szab\u00f3, Ph.D. (Assistant Professor)<\/p>\n<p>Oliver Ozohanics, Ph.D. (Research Associate)<\/p>\n<p>Andr\u00e1s Czajlik, Ph.D. (Assistant Professor)<\/p>\n<p>B\u00e1lint Nagy, Ph.D. (Assistant Professor)<\/p>\n<p>\u00c1ron Zub\u00e1nics-Nagy (Ph.D. graduate student)<\/p>\n<p>Momen Sameh Elsayed Fadel Elkheshen (M.D.-Ph.D. graduate student)<\/p>\n<p>Alamin Wafa Mutasim Mohamedosman (Ph.D. graduate student, Stipendium Hungaricum Programme)<\/p>\n<p>Arad Darvishi (undergraduate student researcher)<\/p>\n<p>Minh Anh Nguyen (undergraduate student researcher)<\/p>\n<p>Aisha Tulegenova (undergraduate student researcher)<\/p>\n<p>Eszter Kan\u00f3czki (undergraduate student researcher)<\/p>\n<p>Jisu Lim (undergraduate student researcher)<\/p>\n<p>&nbsp;<\/p>\n<p>&nbsp;<\/p>\n<p>&nbsp;<\/p>\n","protected":false},"excerpt":{"rendered":"<p>Attila Ambrus, Ph.D., D.Sc. (Professor) Eszter Szab\u00f3, Ph.D. (Assistant Professor) Oliver Ozohanics, Ph.D. (Research Associate) Andr\u00e1s Czajlik, Ph.D. (Assistant Professor) B\u00e1lint Nagy, Ph.D. (Assistant Professor) \u00c1ron Zub\u00e1nics-Nagy (Ph.D. graduate student) Momen Sameh Elsayed Fadel Elkheshen &hellip;<\/p>\n","protected":false},"author":78,"featured_media":0,"parent":0,"menu_order":0,"comment_status":"closed","ping_status":"closed","template":"","meta":{"footnotes":""},"class_list":["post-31","page","type-page","status-publish","hentry"],"_links":{"self":[{"href":"https:\/\/scholar.semmelweis.hu\/ambrusattila\/wp-json\/wp\/v2\/pages\/31"}],"collection":[{"href":"https:\/\/scholar.semmelweis.hu\/ambrusattila\/wp-json\/wp\/v2\/pages"}],"about":[{"href":"https:\/\/scholar.semmelweis.hu\/ambrusattila\/wp-json\/wp\/v2\/types\/page"}],"author":[{"embeddable":true,"href":"https:\/\/scholar.semmelweis.hu\/ambrusattila\/wp-json\/wp\/v2\/users\/78"}],"replies":[{"embeddable":true,"href":"https:\/\/scholar.semmelweis.hu\/ambrusattila\/wp-json\/wp\/v2\/comments?post=31"}],"version-history":[{"count":29,"href":"https:\/\/scholar.semmelweis.hu\/ambrusattila\/wp-json\/wp\/v2\/pages\/31\/revisions"}],"predecessor-version":[{"id":341,"href":"https:\/\/scholar.semmelweis.hu\/ambrusattila\/wp-json\/wp\/v2\/pages\/31\/revisions\/341"}],"wp:attachment":[{"href":"https:\/\/scholar.semmelweis.hu\/ambrusattila\/wp-json\/wp\/v2\/media?parent=31"}],"curies":[{"name":"wp","href":"https:\/\/api.w.org\/{rel}","templated":true}]}}