{"id":5,"date":"2025-11-03T08:04:22","date_gmt":"2025-11-03T07:04:22","guid":{"rendered":"https:\/\/scholar.semmelweis.hu\/akosberczi\/bemutatkozas\/"},"modified":"2025-11-04T01:28:50","modified_gmt":"2025-11-04T00:28:50","slug":"bemutatkozas","status":"publish","type":"page","link":"https:\/\/scholar.semmelweis.hu\/akosberczi\/","title":{"rendered":"Bemutatkoz\u00e1s"},"content":{"rendered":"<h5>Bemutatkoz\u00e1s<\/h5>\n<p data-start=\"76\" data-end=\"373\">Dr. B\u00e9rczi \u00c1kos PhD a Semmelweis Egyetem V\u00e1rosmajori Sz\u00edv- \u00e9s \u00c9rgy\u00f3gy\u00e1szati Klinika intervenci\u00f3s radiol\u00f3gusa \u00e9s egyetemi oktat\u00f3ja. F\u0151 szakter\u00fclete az aorta \u00e9s perif\u00e9ri\u00e1s erek endovaszkul\u00e1ris kezel\u00e9se, kiemelt f\u00f3kuszban a kritikus v\u00e9gtagischaemia \u00e9s komplex aorta-intervenci\u00f3k modern technik\u00e1ival.<\/p>\n<p data-start=\"375\" data-end=\"785\">Nemzetk\u00f6zi szakmai tapasztalatokat szerzett t\u00f6bbek k\u00f6z\u00f6tt Londonban \u00e9s az Egyes\u00fclt \u00c1llamokban, tov\u00e1bb\u00e1 r\u00e9szt vett a Harvard Medical School Clinical Science Scholars Programj\u00e1ban. Akt\u00edv kutat\u00f3k\u00e9nt a perif\u00e9ri\u00e1s \u00e9rbetegs\u00e9g \u00e9s az innovat\u00edv endovaszkul\u00e1ris megold\u00e1sok t\u00e9mak\u00f6r\u00e9ben publik\u00e1l, eur\u00f3pai multicentrikus kutat\u00e1sokban dolgozik, valamint szakcikkeket b\u00edr\u00e1l rangos nemzetk\u00f6zi foly\u00f3iratok sz\u00e1m\u00e1ra.<\/p>\n<p data-start=\"787\" data-end=\"1074\">Elk\u00f6telezett az oktat\u00e1s ir\u00e1nt, rendszeresen tan\u00edt orvostanhallgat\u00f3kat \u00e9s mentor\u00e1l tehets\u00e9ggondoz\u00f3 programban r\u00e9szt vev\u0151 fiatal kutat\u00f3kat. Szakmai munk\u00e1j\u00e1t sz\u00e1mos hazai \u00e9s nemzetk\u00f6zi \u00f6szt\u00f6nd\u00edj \u00e9s d\u00edj ismeri el. Szabadidej\u00e9ben a Semmelweis Egyetem teniszcsapat\u00e1nak versenyz\u0151jek\u00e9nt sportol.<\/p>\n<p><a href=\"http:\/\/www.linkedin.com\/in\/akosberczivascular\">Linkedin<\/a><br \/>\n<a href=\"https:\/\/scholar.google.com\/citations?user=0hFvl2MAAAAJ&amp;hl=hu\">Google scholar<\/a><\/p>\n","protected":false},"excerpt":{"rendered":"<p>Bemutatkoz\u00e1s Dr. B\u00e9rczi \u00c1kos PhD a Semmelweis Egyetem V\u00e1rosmajori Sz\u00edv- \u00e9s \u00c9rgy\u00f3gy\u00e1szati Klinika intervenci\u00f3s radiol\u00f3gusa \u00e9s egyetemi oktat\u00f3ja. F\u0151 szakter\u00fclete az aorta \u00e9s perif\u00e9ri\u00e1s erek endovaszkul\u00e1ris kezel\u00e9se, kiemelt f\u00f3kuszban a kritikus v\u00e9gtagischaemia \u00e9s komplex aorta-intervenci\u00f3k &hellip;<\/p>\n","protected":false},"author":167,"featured_media":0,"parent":3,"menu_order":0,"comment_status":"closed","ping_status":"closed","template":"","meta":{"footnotes":""},"class_list":["post-5","page","type-page","status-publish","hentry"],"_links":{"self":[{"href":"https:\/\/scholar.semmelweis.hu\/akosberczi\/wp-json\/wp\/v2\/pages\/5"}],"collection":[{"href":"https:\/\/scholar.semmelweis.hu\/akosberczi\/wp-json\/wp\/v2\/pages"}],"about":[{"href":"https:\/\/scholar.semmelweis.hu\/akosberczi\/wp-json\/wp\/v2\/types\/page"}],"author":[{"embeddable":true,"href":"https:\/\/scholar.semmelweis.hu\/akosberczi\/wp-json\/wp\/v2\/users\/167"}],"replies":[{"embeddable":true,"href":"https:\/\/scholar.semmelweis.hu\/akosberczi\/wp-json\/wp\/v2\/comments?post=5"}],"version-history":[{"count":6,"href":"https:\/\/scholar.semmelweis.hu\/akosberczi\/wp-json\/wp\/v2\/pages\/5\/revisions"}],"predecessor-version":[{"id":18,"href":"https:\/\/scholar.semmelweis.hu\/akosberczi\/wp-json\/wp\/v2\/pages\/5\/revisions\/18"}],"up":[{"embeddable":true,"href":"https:\/\/scholar.semmelweis.hu\/akosberczi\/wp-json\/wp\/v2\/pages\/3"}],"wp:attachment":[{"href":"https:\/\/scholar.semmelweis.hu\/akosberczi\/wp-json\/wp\/v2\/media?parent=5"}],"curies":[{"name":"wp","href":"https:\/\/api.w.org\/{rel}","templated":true}]}}