{"id":3,"date":"2025-11-03T08:04:22","date_gmt":"2025-11-03T07:04:22","guid":{"rendered":"https:\/\/scholar.semmelweis.hu\/akosberczi\/elerhetoseg\/"},"modified":"2025-11-04T01:40:00","modified_gmt":"2025-11-04T00:40:00","slug":"elerhetoseg","status":"publish","type":"page","link":"https:\/\/scholar.semmelweis.hu\/akosberczi\/elerhetoseg\/","title":{"rendered":"El\u00e9rhet\u0151s\u00e9g"},"content":{"rendered":"<h6 data-start=\"1100\" data-end=\"1267\">Dr. B\u00e9rczi \u00c1kos, PhD<br data-start=\"1127\" data-end=\"1130\" \/><br \/>\nRadiol\u00f3gus | Egyetemi Tan\u00e1rseg\u00e9d<br data-start=\"1173\" data-end=\"1176\" \/><br \/>\nIntervenci\u00f3s Radiol\u00f3giai Tansz\u00e9k<br data-start=\"1214\" data-end=\"1217\" \/><br \/>\nSz\u00edv- \u00e9s \u00c9rgy\u00f3gy\u00e1szati Klinika, Semmelweis Egyetem<\/h6>\n<h6>C\u00edm: V\u00e1rosmajor utca 68, Budapest, 1122, Magyarorsz\u00e1g<br data-start=\"1321\" data-end=\"1324\" \/><br \/>\nMobil: +36 20 670 1712<br data-start=\"1350\" data-end=\"1353\" \/><br \/>\nE-mail: <a rel=\"noopener\">berczi.akos@semmelweis.hu<\/a>\u00a0<\/h6>\n","protected":false},"excerpt":{"rendered":"<p>Dr. B\u00e9rczi \u00c1kos, PhD<br \/>\nRadiol\u00f3gus | Egyetemi Tan\u00e1rseg\u00e9d<br \/>\nIntervenci\u00f3s Radiol\u00f3giai Tansz\u00e9k<br \/>\nSz\u00edv- \u00e9s \u00c9rgy\u00f3gy\u00e1szati Klinika, Semmelweis Egyetem<br \/>\nC\u00edm: V\u00e1rosmajor utca 68, Budapest, 1122, Magyarorsz\u00e1g<br \/>\nMobil: +36 20 670 1712<br \/>\nE-mail: <a rel=\"noopener\">berczi.akos@semmelweis.hu<\/a>\u00a0<\/p>\n","protected":false},"author":167,"featured_media":0,"parent":0,"menu_order":0,"comment_status":"closed","ping_status":"closed","template":"","meta":{"footnotes":""},"class_list":["post-3","page","type-page","status-publish","hentry"],"_links":{"self":[{"href":"https:\/\/scholar.semmelweis.hu\/akosberczi\/wp-json\/wp\/v2\/pages\/3"}],"collection":[{"href":"https:\/\/scholar.semmelweis.hu\/akosberczi\/wp-json\/wp\/v2\/pages"}],"about":[{"href":"https:\/\/scholar.semmelweis.hu\/akosberczi\/wp-json\/wp\/v2\/types\/page"}],"author":[{"embeddable":true,"href":"https:\/\/scholar.semmelweis.hu\/akosberczi\/wp-json\/wp\/v2\/users\/167"}],"replies":[{"embeddable":true,"href":"https:\/\/scholar.semmelweis.hu\/akosberczi\/wp-json\/wp\/v2\/comments?post=3"}],"version-history":[{"count":8,"href":"https:\/\/scholar.semmelweis.hu\/akosberczi\/wp-json\/wp\/v2\/pages\/3\/revisions"}],"predecessor-version":[{"id":28,"href":"https:\/\/scholar.semmelweis.hu\/akosberczi\/wp-json\/wp\/v2\/pages\/3\/revisions\/28"}],"wp:attachment":[{"href":"https:\/\/scholar.semmelweis.hu\/akosberczi\/wp-json\/wp\/v2\/media?parent=3"}],"curies":[{"name":"wp","href":"https:\/\/api.w.org\/{rel}","templated":true}]}}